{"id":6,"date":"2011-11-07T11:43:45","date_gmt":"2011-11-07T10:43:45","guid":{"rendered":"http:\/\/www.arrahma-dinslaken.de\/de\/?page_id=6"},"modified":"2015-11-29T23:59:46","modified_gmt":"2015-11-29T22:59:46","slug":"satzung","status":"publish","type":"page","link":"https:\/\/www.arrahma-dinslaken.de\/de\/p2\/satzung\/","title":{"rendered":"Satzung"},"content":{"rendered":"<p align=\"center\"><span style=\"font-size: xx-large;\"><u><b>Satzung<\/b><\/u><\/span><\/p>\n<p class=\"western\" style=\"text-align: center;\"><strong><span style=\"color: #000000;\"><span style=\"font-size: small;\">\u00a71 <\/span><\/span><\/strong><\/p>\n<p class=\"western\"><span style=\"color: #000000;\"><span style=\"font-size: small;\"><u><b> Name und Sitz<\/b><\/u><\/span><\/span><\/p>\n<p><span style=\"color: #000000;\"><span style=\"font-size: small;\">1 <\/span><\/span><span style=\"color: #000000;\"><span style=\"font-size: small;\">Der Verein wird umbenannt zu \u201eArrahma Kulturverein<\/span><\/span><span style=\"color: #000000;\"><span style=\"font-size: small;\">\u201c<\/span><\/span><\/p>\n<p><span style=\"font-size: small;\">2. Sitz des Vereins ist Dinslaken<\/span><\/p>\n<p><span style=\"font-size: small;\">3. Nach erfolgter Eintragung des Vereins in das Vereinsregister, soll er den Zusatz e. V. f\u00fchren.<\/span><\/p>\n<p style=\"text-align: center;\"><span style=\"color: #000000;\"><span style=\"font-size: small;\"><b>\u00a72<\/b><\/span><\/span><\/p>\n<p><b> <\/b><span style=\"color: #000000;\"><span style=\"font-size: small;\"><u><b> Ziel und Zweck<\/b><\/u><\/span><\/span><\/p>\n<ol>\n<li><span style=\"font-size: small;\">Der Verein ist bestrebt, der F\u00f6rderung und Pflege der islamischen Kultur nachzukommen.<\/span><\/li>\n<\/ol>\n<ol start=\"2\">\n<li><span style=\"color: #000000;\"><span style=\"font-size: small;\">Der Verein f\u00f6rdert den Dialog mit den anderen Religionen und gesellschaftlichen Gruppen<\/span><\/span><span style=\"color: #000000;\"><span style=\"font-size: small;\">.<\/span><\/span><\/li>\n<\/ol>\n<ol start=\"3\">\n<li><span style=\"font-size: small;\">Der Verein f\u00f6rdert die Begegnung seiner Mitglieder und versucht, eine geeignete St\u00e4tte mit den erforderlichen Einrichtungen f\u00fcr die Verrichtung der religi\u00f6sen Pflichten zu schaffen.<\/span><\/li>\n<\/ol>\n<ol start=\"4\">\n<li><span style=\"font-size: small;\">Die F\u00f6rderung muslimischer Familien insbesondere Frauen und Kindern im Bereich Erziehung, allgemeiner Ausbildung, soziale und allgemeine Integration.<\/span><\/li>\n<\/ol>\n<ol start=\"5\">\n<li><span style=\"font-size: small;\">Der Satzungszweck wird verwirklicht insbesondere durch die Durchf\u00fchrung von wissenschaftlichen Veranstaltungen, Sprachkursen, Nachhilfeunterricht f\u00fcr Sch\u00fcler und Auszubildende, Angebote in den Bereichen soziale Dienste, \u00d6ffentlichkeitsarbeit, Bildung, Kultur, Freizeit, Sport, und Reisen.<\/span><\/li>\n<\/ol>\n<ol start=\"6\">\n<li><span style=\"font-size: small;\">Der Verein vertritt die Interessen seiner Mitglieder gegen\u00fcber der \u00d6ffentlichkeit<\/span><\/li>\n<\/ol>\n<ol start=\"7\">\n<li><span style=\"font-size: small;\">Der Verein dient:<\/span><\/li>\n<\/ol>\n<ul>\n<li><span style=\"font-size: small;\">Der st\u00e4ndigen Informierung seiner Mitglieder und der \u00d6ffentlichkeit \u00fcber den Islam und \u00fcber Islamische Angelegenheiten durch allgemeine Mitteilungen, Vortr\u00e4ge und sonstige Veranstaltungen.<\/span><\/li>\n<\/ul>\n<ul>\n<li><span style=\"font-size: small;\">Der Durchf\u00fchrung von Sport- und Kulturveranstaltungen, die eine F\u00f6rderung der Gesundheit, der Sprache und des allgemeinen Bildungsniveaus bezwecken.<\/span><\/li>\n<\/ul>\n<ul>\n<li><span style=\"font-size: small;\">Der Zusammenarbeit mit Beh\u00f6rden, Institutionen und Organisationen zur Verwirklichung der Ziele.<\/span><\/li>\n<\/ul>\n<p style=\"text-align: center;\"><span style=\"color: #000000;\"><span style=\"font-size: small;\"><b>\u00a73 <\/b><\/span><\/span><\/p>\n<p><span style=\"color: #000000;\"><span style=\"font-size: small;\"><u><b>Gemeinn\u00fctzigkeit<\/b><\/u><\/span><\/span><\/p>\n<p><span style=\"font-size: small;\">Der Verein verfolgt ausschlie\u00dflich und unmittelbar gemeinn\u00fctzige und mildt\u00e4tige Zwecke im Sinne des Abschnittes \u201eSteuerbeg\u00fcnstigte Zwecke\u201c der Abgabenordung.<\/span><\/p>\n<p><span style=\"font-size: small;\">Der Verein ist selbstlos t\u00e4tig; er verfolgt nicht in erster Linie eigenwirtschaftliche<\/span><\/p>\n<p><span style=\"font-size: small;\">Zwecke. <\/span><\/p>\n<p><span style=\"font-size: small;\">Die unter Ziel und Zweck beispielhaft aufgef\u00fchrten Ma\u00dfnahmen und Einrichtungen sind Zwecksorientiert, sie werden nicht eigenwirtschaftlich oder gewerblich betrieben. <\/span><\/p>\n<p><span style=\"font-size: small;\">Alle Beitr\u00e4ge, Einnahmen und Mittel des Vereins werden ausschlie\u00dflich zur Erreichung des Vereinszweckes verwendet.<\/span><\/p>\n<p><span style=\"font-size: small;\">Die Mitglieder erhalten keine Zuwendungen aus Vereinsmittel. Vorstandsmitglieder erhalten keinerlei Geh\u00e4lter. Ihre Unkosten k\u00f6nnen angemessen verg\u00fctet werden. <\/span><\/p>\n<p><span style=\"font-size: small;\">Ein Imam soll eingestellt werden, um die vielf\u00e4ltigen religi\u00f6sen Aufgaben wahrzunehmen.<\/span><\/p>\n<p><span style=\"font-size: small;\">Niemand darf durch Verwaltungsausgaben, durch Ausgaben die dem Zweck der K\u00f6rperschaft fremd sind oder durch unverh\u00e4ltnism\u00e4\u00dfig hohe Verg\u00fctungen beg\u00fcnstigt werden. <\/span><\/p>\n<p><span style=\"color: #000000;\"><span style=\"font-size: small;\">Der Verein soll sofort bei Eintragung beim zust\u00e4ndigen Finanzamt <\/span><\/span><span style=\"color: #000000;\"><span style=\"font-size: small;\">die Anerkennung als &#8222;gemeinn\u00fctziger Verein&#8220; beantragen.<\/span><\/span><\/p>\n<p style=\"text-align: center;\"><span style=\"color: #000000;\"><span style=\"font-size: small;\"><b>\u00a74 <\/b><\/span><\/span><\/p>\n<p><span style=\"color: #000000;\"><span style=\"font-size: small;\"><u><b>Aussch\u00fcsse<\/b><\/u><\/span><\/span><\/p>\n<p><span style=\"font-size: small;\">Der Vorstand kann zur Wahrnehmung satzungsgem\u00e4\u00dfer Ziele Aussch\u00fcsse oder Arbeitskreisen bilden, die Mitglieder dieser Aussch\u00fcsse oder Arbeitskreisen werden vom Vorstand ernannt. Die Aussch\u00fcsse oder Arbeitskreisen k\u00f6nnen auf unbestimmte Zeit gebildet werden und je nach Sachlage vom Vorstand aufgel\u00f6st werden<\/span><\/p>\n<p style=\"text-align: center;\"><span style=\"color: #000000;\"><span style=\"font-size: small;\"><b>\u00a75<\/b><\/span><\/span><\/p>\n<p><b> <\/b><span style=\"color: #000000;\"><span style=\"font-size: small;\"><u><b>Mitgliedschaft<\/b><\/u><\/span><\/span><\/p>\n<p><span style=\"font-size: small;\">Mitglieder k\u00f6nnen nat\u00fcrlich nur Personen werden. Jede Muslima und jeder Muslim<\/span><\/p>\n<p><span style=\"font-size: small;\">kann Mitglied werden. Die Mitgliedschaft ist in jedem Fall freiwillig.<\/span><\/p>\n<p><span style=\"font-size: small;\">Die Aufnahme als Mitglied erfolgt auf schriftlichen Antrag durch Vorstandbeschluss.<\/span><\/p>\n<p><span style=\"font-size: small;\">Die Aufnahme eines Mitgliedes geschieht nach einer vorangegangenen Wartefrist von mindestens einem Jahr. <\/span><\/p>\n<p><span style=\"font-size: small;\">Der Vorstand kann ohne Angabe von Gr\u00fcnden Mitgliederantr\u00e4ge ablehnen.<\/span><\/p>\n<p><span style=\"font-size: small;\">Im schriftlichen Antrag muss eine Erkl\u00e4rung dar\u00fcber enthalten, dass dem Antragsteller der Inhalt der Satzung im vollen Wortlaut bekannt ist.<\/span><\/p>\n<p><span style=\"font-family: Arial, sans-serif;\"><span style=\"font-size: small;\">Mitglieder k\u00f6nnen wegen Desinteresse an der Vereinsarbeit ausgeschlossen werden. Desinteresse liegt regelm\u00e4\u00dfig dann vor, wenn ein Mitglied trotz dreimaliger schriftlicher Aufforderung an Versammlungen des Vereins nicht mehr teilnimmt oder die Zustellung von Einladungen unm\u00f6glich macht.<\/span><\/span><\/p>\n<p><span style=\"font-size: small;\">Bei bestehendem Beitragr\u00fcckstand von mehr als drei Monaten kann der Ausschluss jenes Mitgliedes beim Beschwerdeausschuss beantragt werden.<\/span><\/p>\n<p><span style=\"font-size: small;\">Der Vorstand kann Mitglieder, die nicht \u00fcber eigenes einkommen verf\u00fcgen, von dem Mitgliedsbeitrag befreien.<\/span><\/p>\n<p><span style=\"font-size: small;\">Mitglieder k\u00f6nnen ausgeschlossen werden, wenn sie sich verbal oder aktiv gegen Vereinsziele richten, wenn sie grob fahrl\u00e4ssig handeln, wenn sie zur Gewaltanwendung aufrufen und wenn sie grob gegen islamische Grunds\u00e4tze versto\u00dfen.<\/span><\/p>\n<p><span style=\"font-size: small;\">Die Mitgliedschaft endet durch Tod, Austritt oder Ausschluss. <\/span><\/p>\n<p class=\"western\"><span style=\"font-size: small;\">Die Austrittserkl\u00e4rung hat schriftlich gegen\u00fcber dem Vorstand zu erfolgen. Hierbei ist eine sechsmonatige K\u00fcndigungsfrist einzuhalten. <\/span><\/p>\n<p class=\"western\"><span style=\"font-size: small;\">Der Ausschluss erfolgt durch Beschluss des Beschwerdeausschusses.<\/span><\/p>\n<p class=\"western\" style=\"text-align: center;\"><span style=\"color: #000000;\"><span style=\"font-size: small;\"><b>\u00a76<\/b><\/span><\/span><\/p>\n<p class=\"western\"><b> <\/b><span style=\"color: #000000;\"><span style=\"font-size: small;\"><u><b>Organe des Vereins<\/b><\/u><\/span><\/span><\/p>\n<p><span style=\"font-size: small;\">Der Verein hat folgende Organe:<\/span><\/p>\n<ul>\n<li><span style=\"font-size: small;\">die Mitgliederversammlung<\/span><\/li>\n<\/ul>\n<ul>\n<li><span style=\"font-size: small;\">den Vorstand<\/span><\/li>\n<\/ul>\n<ul>\n<li><span style=\"font-size: small;\">den Beirat<\/span><\/li>\n<\/ul>\n<ul>\n<li><span style=\"font-size: small;\">den Gesch\u00e4ftsausschuss <\/span><\/li>\n<\/ul>\n<ul>\n<li><span style=\"font-size: small;\">den Beschwerdeausschuss<\/span><\/li>\n<\/ul>\n<p style=\"text-align: center;\"><span style=\"color: #000000;\"><span style=\"font-size: small;\"><b>\u00a77<\/b><\/span><\/span><\/p>\n<p><b> <\/b><span style=\"color: #000000;\"><span style=\"font-size: small;\"><u><b>Mitgliederversammlung<\/b><\/u><\/span><\/span><\/p>\n<p><span style=\"font-family: Arial, sans-serif;\"><span style=\"font-size: small;\">Die Mitgliederversammlung setzt sich aus allen ordentlichen Mitgliedern zusammen.<\/span><\/span><\/p>\n<p><span style=\"font-family: Arial, sans-serif;\"><span style=\"font-size: small;\">Die Mitgliederversammlung tritt ordentlich oder au\u00dferordentlich zusammen.<\/span><\/span><\/p>\n<p><span style=\"font-family: Arial, sans-serif;\"><span style=\"font-size: small;\">Jedes Mitglied hat nur eine Stimme.<\/span><\/span><\/p>\n<p><span style=\"font-family: Arial, sans-serif;\"><span style=\"font-size: small;\">Die ordentliche Mitgliederversammlung tritt nach Beschluss und nach einer schriftlichen<\/span><\/span><\/p>\n<p><span style=\"font-family: Arial, sans-serif;\"><span style=\"font-size: small;\">Einladung des Vorstandes ein Mal im Jahr zusammen.<\/span><\/span><\/p>\n<p class=\"western\"><span style=\"font-size: small;\">Eine Mitgliederversammlung ist vierzehn Tage vorher unter Bekanntgabe der Tagesordnung<\/span><\/p>\n<p><span style=\"font-family: Arial, sans-serif;\"><span style=\"font-size: small;\">schriftlich einzuberufen.<\/span><\/span><\/p>\n<p><span style=\"font-family: 'Times New Roman', serif;\"><span style=\"color: #000000;\"><span style=\"font-family: Arial, sans-serif;\"><span style=\"font-size: small;\">Die au\u00dferordentliche Versammlung tritt zusammen, wenn es der Vorstand, die Revisoren <\/span><\/span><\/span><span style=\"color: #000000;\"><span style=\"font-family: Arial, sans-serif;\"><span style=\"font-size: small;\"><b>oder 2\/5 <\/b><\/span><\/span><\/span><span style=\"color: #000000;\"><span style=\"font-family: Arial, sans-serif;\"><span style=\"font-size: small;\">der Vereinsmitglieder w\u00fcnschen.<\/span><\/span><\/span><\/span><\/p>\n<p><span style=\"color: #000000;\"><span style=\"font-size: small;\">Sobald dasjenige Organ, welches die au\u00dferordentliche Mitgliederversammlung fordert, diese Forderung mit der entsprechenden Tagesordnung dem Vorstand mitgeteilt hat, hat der Vorstand sofort die notwendigen Vorbereitungen zu treffen und sp\u00e4testens innerhalb eines Monats die Mitgliederversammlung einzuberufen.<\/span><\/span><\/p>\n<p><span style=\"font-size: small;\">Die Mitgliederversammlung ist bei Anwesenheit der H\u00e4lfte der Mitglieder beschlussf\u00e4hig. <\/span><\/p>\n<p><span style=\"font-size: small;\">Falls diese Mehrheit in der ersten Versammlung nicht zustande kommen sollte, wird eine zweite Versammlung ungeachtet der Zahl der erschienenen Mitglieder mit einfacher Stimmenmehrheit beschlussf\u00e4hig.<\/span><\/p>\n<p><span style=\"font-size: small;\">In jeder Mitgliederversammlung werden ein Versammlungsleiter und ein Protokollf\u00fchrer<\/span><\/p>\n<p><span style=\"font-size: small;\">gew\u00e4hlt, die das entsprechende Versammlungsprotokoll zu unterzeichnen haben.<\/span><\/p>\n<p><span style=\"font-size: small;\">Die Mitglieder geben ihre Stimmen pers\u00f6nlich ab. Die Beschl\u00fcsse werden mit einfacher Stimmenmehrheit der anwesenden Mitglieder gefasst.<\/span><\/p>\n<p><span style=\"font-size: small;\">Aufgaben der Mitgliederversammlung sind:<\/span><\/p>\n<p>\u2011 <span style=\"font-size: small;\">Mitglieder des Vorstandes zu w\u00e4hlen und ihre Aktivit\u00e4ten zu kontrollieren<\/span><\/p>\n<p>\u2011 <span style=\"font-size: small;\">Die T\u00e4tigkeit des Vereins zu koordinieren, sein Budget zu genehmigen und hinsichtlich der Entlassung des Vorstandes die entsprechenden Beschl\u00fcsse zu fassen.<\/span><\/p>\n<ul>\n<li><span style=\"font-size: small;\">\u00dcber Satzungs\u00e4nderungen und gegebenenfalls \u00fcber die Aufl\u00f6sung des Vereins zu entscheiden.<\/span><\/li>\n<li><span style=\"font-family: Arial, sans-serif;\"><span style=\"font-size: small;\">Den Organen des Vereins, f\u00fcr die kommende T\u00e4tigkeitsperiode entsprechende Anweisungen zu erteilen.<\/span><\/span><\/li>\n<li><span style=\"font-family: Arial, sans-serif;\"><span style=\"font-size: small;\">Entscheidungen \u00fcber eventuelle Ausschlussantr\u00e4ge zu f\u00e4llen.<\/span><\/span><\/li>\n<\/ul>\n<p style=\"text-align: center;\"><span style=\"color: #000000;\"><span style=\"font-size: small;\"><b>\u00a78 <\/b><\/span><\/span><\/p>\n<p><span style=\"color: #000000;\"><span style=\"font-size: small;\"><u><b>Vorstand<\/b><\/u><\/span><\/span><\/p>\n<p class=\"western\"><span style=\"color: #000000;\"><span style=\"font-size: small;\">Der Vorstand vertritt den Verein gerichtlich und au\u00dfergerichtlich, <\/span><\/span><span style=\"color: #000000;\"><span style=\"font-size: small;\">Er besteht aus:<\/span><\/span><\/p>\n<ul>\n<li>\n<p class=\"western\"><span style=\"font-size: small;\">dem Vorsitzenden <\/span><\/p>\n<\/li>\n<li>\n<p class=\"western\"><span style=\"font-size: small;\">dem Stellvertretenden Vorsitzenden<\/span><\/p>\n<\/li>\n<li>\n<p class=\"western\"><span style=\"font-size: small;\">und drei weiteren Vorstandsmitgliedern<\/span><\/p>\n<\/li>\n<\/ul>\n<p><span style=\"font-family: Arial, sans-serif;\"><span style=\"font-size: small;\">Vorstandsmitgliedern m\u00fcssen mindestens zwei Jahre ordentliche Mitglieder sein<\/span><\/span><\/p>\n<p class=\"western\"><span style=\"font-size: small;\">Der Vorstand ist beschlussf\u00e4hig, wenn 3 seiner Mitglieder anwesend sind, unter denen sich der Vorsitzende oder der stellvertretende Vorsitzende befindet.<\/span><\/p>\n<p class=\"western\"><span style=\"font-size: small;\">Der Vorsitzende und der stellvertretende Vorsitzende sind jeweils als alleinvertretungsberechtigt.<\/span><\/p>\n<p class=\"western\"><span style=\"font-size: small;\">Die anderen Vorstandsmitglieder sind gemeinsam Vertretungsberechtigt.<\/span><\/p>\n<p class=\"western\"><span style=\"font-size: small;\">H\u00f6he, Staffelung, F\u00e4lligkeit und Zahlungsart der Beitr\u00e4ge werden vom Vorstand festgelegt.<\/span><\/p>\n<p><span style=\"font-family: Arial, sans-serif;\"><span style=\"font-size: small;\">Der Vorstand wird von der Mitgliederversammlung gew\u00e4hlt. Die Amtsdauer betr\u00e4gt<\/span><\/span><\/p>\n<p class=\"western\"><span style=\"font-size: small;\">zwei Jahre .<\/span><\/p>\n<p class=\"western\"><span style=\"font-size: small;\">Der Vorstand bestellt f\u00fcr die Moschee einen ehrenamtlichen oder hauptamtlichen Imam.<\/span><\/p>\n<p class=\"western\" style=\"text-align: center;\"><span style=\"color: #000000;\"><span style=\"font-size: small;\"><b>\u00a79 <\/b><\/span><\/span><\/p>\n<p class=\"western\"><span style=\"color: #000000;\"><span style=\"font-size: small;\"><u><b>Der Beirat<\/b><\/u><\/span><\/span><\/p>\n<p><span style=\"font-family: Arial, sans-serif;\"><span style=\"font-size: small;\">Der Verein bildet einen Beirat<\/span><\/span><\/p>\n<p><span style=\"font-family: Arial, sans-serif;\"><span style=\"font-size: small;\">Die Beiratsmitglieder werden vom Vorstand f\u00fcr 3 Jahre berufen.<\/span><\/span><\/p>\n<p><span style=\"font-family: Arial, sans-serif;\"><span style=\"font-size: small;\">Eine Gesch\u00e4ftsordnung regelt die Arbeit des Beirates<\/span><\/span><\/p>\n<p class=\"western\" style=\"text-align: center;\"><span style=\"color: #000000;\"><span style=\"font-size: small;\"><b>\u00a710<\/b><\/span><\/span><\/p>\n<p class=\"western\"><b> <\/b><span style=\"color: #000000;\"><span style=\"font-size: small;\"><u><b>Gesch\u00e4ftsausschuss<\/b><\/u><\/span><\/span><\/p>\n<p class=\"western\"><span style=\"font-size: small;\">Der Gesch\u00e4ftsausschuss f\u00fchrt die laufenden Gesch\u00e4fte des Vereins nach den Weisungen des Vorstandes.<\/span><\/p>\n<p class=\"western\"><span style=\"font-size: small;\">Der Gesch\u00e4ftsausschuss kann aufgrund eines Vorstandsbeschluss den Verein vertreten.<\/span><\/p>\n<p class=\"western\"><span style=\"font-size: small;\">Der Gesch\u00e4ftsausschuss besteht aus:<\/span><\/p>\n<ul>\n<li>\n<p class=\"western\"><span style=\"font-size: small;\">einem Koordinator<\/span><\/p>\n<\/li>\n<li>\n<p class=\"western\"><span style=\"font-size: small;\">dem Stellvertretenden Koordinator<\/span><\/p>\n<\/li>\n<li>\n<p class=\"western\"><span style=\"font-size: small;\">und mindestens zwei weiteren Mitgliedern<\/span><\/p>\n<\/li>\n<\/ul>\n<p class=\"western\"><span style=\"font-size: small;\">Der Gesch\u00e4ftsausschuss ist beschlussf\u00e4hig, wenn die H\u00e4lfte seiner Mitglieder anwesend ist, unter denen sich der Koordinator oder sein Stellvertreter befindet.<\/span><\/p>\n<p class=\"western\"><span style=\"font-size: small;\">Der Gesch\u00e4ftsausschuss wird vom Vorstand ernannt und kann jeder Zeit seinen Aufgaben entbunden werden.<\/span><\/p>\n<p style=\"text-align: center;\"><span style=\"color: #000000;\"><span style=\"font-size: small;\"><b>\u00a711 <\/b><\/span><\/span><\/p>\n<p><span style=\"color: #000000;\"><span style=\"font-size: small;\"><u><b>Beschwerdeausschuss<\/b><\/u><\/span><\/span><\/p>\n<p><span style=\"font-family: 'Times New Roman', serif;\"><span style=\"color: #000000;\"><span style=\"font-family: Arial, sans-serif;\"><span style=\"font-size: small;\">Der Beschwerdeausschuss<\/span><\/span><\/span><span style=\"color: #000000;\"><span style=\"font-family: Arial, sans-serif;\"><span style=\"font-size: small;\"> besteht aus drei Mitgliedern und wird von der Mitgliederversammlung gew\u00e4hlt. Die Amtsdauer betr\u00e4gt <\/span><\/span><\/span><span style=\"color: #000000;\"><span style=\"font-family: Arial, sans-serif;\"><span style=\"font-size: small;\">zwei Jahre.<\/span><\/span><\/span><\/span><\/p>\n<p><span style=\"font-family: Arial, sans-serif;\"><span style=\"font-size: small;\">Beschwerdeausschussmitgliedern m\u00fcssen mindestens drei Jahre ordentliches Mitglied sein<\/span><\/span><\/p>\n<p><span style=\"font-family: Arial, sans-serif;\"><span style=\"font-size: small;\">Der Beschwerdeausschuss ist ein selbstst\u00e4ndiges und unabh\u00e4ngiges Gremium. <\/span><\/span><\/p>\n<p><span style=\"font-family: 'Times New Roman', serif;\"><span style=\"color: #000000;\"><span style=\"font-family: Arial, sans-serif;\"><span style=\"font-size: small;\">Der Beschwerdenausschuss \u00fcberpr\u00fcft, <\/span><\/span><\/span><span style=\"color: #000000;\"><span style=\"font-family: Arial, sans-serif;\"><span style=\"font-size: small;\">auf der Grundlage der Vereinssatzung,<\/span><\/span><\/span><span style=\"color: #000000;\"><span style=\"font-family: Arial, sans-serif;\"><span style=\"font-size: small;\"> d<\/span><\/span><\/span><span style=\"color: #000000;\"><span style=\"font-family: Arial, sans-serif;\"><span style=\"font-size: small;\">ie Beschwerden der Mitglieder und die Ausschlussantr\u00e4ge des Vorstandes. <\/span><\/span><\/span><\/span><\/p>\n<p style=\"text-align: center;\"><span style=\"font-family: 'Times New Roman', serif;\"><span style=\"color: #000000;\"><span style=\"font-family: Arial, sans-serif;\"><span style=\"font-size: small;\"><b>\u00a712<\/b><\/span><\/span><\/span><\/span><\/p>\n<p><span style=\"font-family: 'Times New Roman', serif;\"><b> <\/b><span style=\"color: #000000;\"><span style=\"font-family: Arial, sans-serif;\"><span style=\"font-size: small;\"><u><b>Haftung<\/b><\/u><\/span><\/span><\/span><\/span><\/p>\n<p class=\"western\"><span style=\"color: #000000;\"><span style=\"font-size: small;\">Der Verein haftet f\u00fcr solche Verm\u00f6gensrechtlichen Verpflichtungen, die vom Gesch\u00e4ftsausschuss eingegangen werden, Verbindlichkeiten \u00fcber 5000,- \u20ac bed\u00fcrfen zu ihrer G\u00fcltigkeit eines Mehrheitsbeschluss des Vorstandes.<\/span><\/span><\/p>\n<p class=\"western\"><span style=\"color: #000000;\"><span style=\"font-size: small;\">Der Verein haftet f\u00fcr solche Verm\u00f6gensrechtlichen Verpflichtungen, die vom Vorstand eingegangen werden, Verbindlichkeiten \u00fcber 15000,- \u20ac bed\u00fcrfen zu ihrer G\u00fcltigkeit eines Mehrheitsbeschluss der Mitgliederversammlung.<\/span><\/span><\/p>\n<p><span style=\"font-family: 'Times New Roman', serif;\"><span style=\"color: #000000;\"><span style=\"font-family: Arial, sans-serif;\"><span style=\"font-size: small;\"><b>\u00a713 <\/b><\/span><\/span><\/span><\/span><\/p>\n<p><span style=\"font-family: 'Times New Roman', serif;\"><span style=\"color: #000000;\"><span style=\"font-family: Arial, sans-serif;\"><span style=\"font-size: small;\"><u><b>Aufl\u00f6sung des Vereins<\/b><\/u><\/span><\/span><\/span><\/span><\/p>\n<p><span style=\"font-family: Arial, sans-serif;\"><span style=\"font-size: small;\">Die Aufl\u00f6sung des Vereins kann nur von einer zu diesem Zweck einberufenen au\u00dferordentlichen Mitgliederversammlung mit \u00be Mehrheit der anwesenden Stimmberichtigten Mitglieder beschlossen werden.<\/span><\/span><\/p>\n<p class=\"western\"><span style=\"font-size: small;\">Bei Aufl\u00f6sung des Vereins oder bei Wegfall steuerbeg\u00fcnstigte Zwecke ist das Verm\u00f6gen zu steuerbeg\u00fcnstigten Zwecken zu verwenden. Beschl\u00fcsse \u00fcber die k\u00fcnftige Verwendung des Verm\u00f6gens d\u00fcrfen erst nach Einwilligung des Finanzamts ausgef\u00fchrt werden.<\/span><\/p>\n<p style=\"text-align: left;\"><strong>Ge\u00e4ndert am 02.01.2011<\/strong><\/p>\n<p style=\"text-align: left;\">Ge\u00e4ndert am 28.08.2010<\/p>\n<p style=\"text-align: left;\">Ge\u00e4ndert am 25.12.2007<\/p>\n<p style=\"text-align: left;\">Ge\u00e4ndert am 08.12.2001<\/p>\n<p style=\"text-align: left;\">Ausgestellt am 23.12 1997<\/p>\n","protected":false},"excerpt":{"rendered":"<p>Satzung \u00a71 Name und Sitz 1 Der Verein wird umbenannt zu \u201eArrahma Kulturverein\u201c 2. Sitz des Vereins ist Dinslaken 3. Nach erfolgter Eintragung des Vereins in das Vereinsregister, soll er den Zusatz e. V. f\u00fchren. \u00a72 Ziel und Zweck Der Verein ist bestrebt, der F\u00f6rderung und Pflege der islamischen Kultur nachzukommen. Der Verein f\u00f6rdert den &hellip; <a href=\"https:\/\/www.arrahma-dinslaken.de\/de\/p2\/satzung\/\" class=\"more-link\"><span class=\"screen-reader-text\">\u201eSatzung\u201c <\/span>weiterlesen<\/a><\/p>\n","protected":false},"author":4,"featured_media":0,"parent":2,"menu_order":0,"comment_status":"closed","ping_status":"closed","template":"","meta":{"ngg_post_thumbnail":0,"_mc_calendar":[],"footnotes":""},"class_list":["post-6","page","type-page","status-publish","hentry"],"jetpack_sharing_enabled":true,"_links":{"self":[{"href":"https:\/\/www.arrahma-dinslaken.de\/de\/wp-json\/wp\/v2\/pages\/6","targetHints":{"allow":["GET"]}}],"collection":[{"href":"https:\/\/www.arrahma-dinslaken.de\/de\/wp-json\/wp\/v2\/pages"}],"about":[{"href":"https:\/\/www.arrahma-dinslaken.de\/de\/wp-json\/wp\/v2\/types\/page"}],"author":[{"embeddable":true,"href":"https:\/\/www.arrahma-dinslaken.de\/de\/wp-json\/wp\/v2\/users\/4"}],"replies":[{"embeddable":true,"href":"https:\/\/www.arrahma-dinslaken.de\/de\/wp-json\/wp\/v2\/comments?post=6"}],"version-history":[{"count":2,"href":"https:\/\/www.arrahma-dinslaken.de\/de\/wp-json\/wp\/v2\/pages\/6\/revisions"}],"predecessor-version":[{"id":655,"href":"https:\/\/www.arrahma-dinslaken.de\/de\/wp-json\/wp\/v2\/pages\/6\/revisions\/655"}],"up":[{"embeddable":true,"href":"https:\/\/www.arrahma-dinslaken.de\/de\/wp-json\/wp\/v2\/pages\/2"}],"wp:attachment":[{"href":"https:\/\/www.arrahma-dinslaken.de\/de\/wp-json\/wp\/v2\/media?parent=6"}],"curies":[{"name":"wp","href":"https:\/\/api.w.org\/{rel}","templated":true}]}}