{"id":46,"date":"2009-11-15T11:30:38","date_gmt":"2009-11-15T10:30:38","guid":{"rendered":"http:\/\/www.arrahma-dinslaken.de\/de\/?page_id=46"},"modified":"2015-12-02T23:06:11","modified_gmt":"2015-12-02T22:06:11","slug":"aufgaben","status":"publish","type":"page","link":"https:\/\/www.arrahma-dinslaken.de\/de\/p2\/aufgaben\/","title":{"rendered":"Aufgaben"},"content":{"rendered":"<p><strong><span style=\"color: #0000ff;\"><span style=\"font-size: 16px;\">Zielsetzung<\/span><\/span><\/strong><\/p>\n<ul>\n<li>F\u00f6rderung und Pflege der islamischen Kultur<\/li>\n<li>Zusammenarbeit mit anderen Institutionen und Organisationen<\/li>\n<li>F\u00f6rderung muslimischer Familien , insbesondere Frauen und Kinder, im Bereich Erziehung, allgemeine Ausbildung, soziale und allgemeine Integration<\/li>\n<\/ul>\n<p>&nbsp;<\/p>\n<p><strong><span style=\"color: #0000ff;\"><span style=\"font-size: 16px;\">Gemeindearbeit<br \/>\n<\/span><\/span><\/strong><\/p>\n<ul>\n<li>Koranunterricht<\/li>\n<li>T\u00e4gliche 5-malige Gebete<\/li>\n<li>Freitags- und Festgebete (Id-ul-Fitr und Id-ul-Adha)<\/li>\n<li>Freitagspredigt in Arabisch und Deutsch<\/li>\n<li>Verteilung Islamischer Literatur und Brosch\u00fcren sowie Koran\u00fcbersetzungen<\/li>\n<li>Beratung und Hilfe zur Probleml\u00f6sung bei Konflikten<\/li>\n<li>\u00dcbertritt\u00a0 zum Islam, Beratung vor und nach der Konvertierung<\/li>\n<li>Hilfe bei Todesf\u00e4llen in der Gemeinde, Vorbereitung des Leichnams f\u00fcr die Beerdigung (rituelle Waschung, Ankleiden und Gebetverrichtung f\u00fcr den Verstorbenen).<\/li>\n<li>Moscheef\u00fchrungen und Tag der offenen Moschee<\/li>\n<li>Erstellung religi\u00f6ser Urkunden<\/li>\n<\/ul>\n<p><strong><span style=\"color: #0000ff;\"><span style=\"font-size: 16px;\"><br \/>\nGemeinwesenarbeit<br \/>\n<\/span><\/span><\/strong><\/p>\n<ul>\n<li>Soziale Beratung von Hilfesuchenden und Vermittlung an zust\u00e4ndige Fachdienste<\/li>\n<li>Bildungs- und Weiterbildungsangebote in verschiedenen Bereichen (Arabisch, Deutsch)<\/li>\n<li>Interreligi\u00f6ser Dialog<\/li>\n<li>Integrationsarbeit<\/li>\n<li>Jugendarbeit (Freizeitgestaltung, Sozialp\u00e4dagogische Betreuung)<\/li>\n<li>Frauenarbeit<\/li>\n<li>Teilnahme an Arbeitskreisen und Veranstaltungen in der Stadt<\/li>\n<li>\u00d6ffentlichkeitsarbeit<\/li>\n<\/ul>\n","protected":false},"excerpt":{"rendered":"<p>Zielsetzung F\u00f6rderung und Pflege der islamischen Kultur Zusammenarbeit mit anderen Institutionen und Organisationen F\u00f6rderung muslimischer Familien , insbesondere Frauen und Kinder, im Bereich Erziehung, allgemeine Ausbildung, soziale und allgemeine Integration &nbsp; Gemeindearbeit Koranunterricht T\u00e4gliche 5-malige Gebete Freitags- und Festgebete (Id-ul-Fitr und Id-ul-Adha) Freitagspredigt in Arabisch und Deutsch Verteilung Islamischer Literatur und Brosch\u00fcren sowie Koran\u00fcbersetzungen Beratung &hellip; <a href=\"https:\/\/www.arrahma-dinslaken.de\/de\/p2\/aufgaben\/\" class=\"more-link\"><span class=\"screen-reader-text\">\u201eAufgaben\u201c <\/span>weiterlesen<\/a><\/p>\n","protected":false},"author":4,"featured_media":0,"parent":2,"menu_order":0,"comment_status":"closed","ping_status":"closed","template":"","meta":{"ngg_post_thumbnail":0,"_mc_calendar":[],"footnotes":""},"class_list":["post-46","page","type-page","status-publish","hentry"],"jetpack_sharing_enabled":true,"_links":{"self":[{"href":"https:\/\/www.arrahma-dinslaken.de\/de\/wp-json\/wp\/v2\/pages\/46","targetHints":{"allow":["GET"]}}],"collection":[{"href":"https:\/\/www.arrahma-dinslaken.de\/de\/wp-json\/wp\/v2\/pages"}],"about":[{"href":"https:\/\/www.arrahma-dinslaken.de\/de\/wp-json\/wp\/v2\/types\/page"}],"author":[{"embeddable":true,"href":"https:\/\/www.arrahma-dinslaken.de\/de\/wp-json\/wp\/v2\/users\/4"}],"replies":[{"embeddable":true,"href":"https:\/\/www.arrahma-dinslaken.de\/de\/wp-json\/wp\/v2\/comments?post=46"}],"version-history":[{"count":2,"href":"https:\/\/www.arrahma-dinslaken.de\/de\/wp-json\/wp\/v2\/pages\/46\/revisions"}],"predecessor-version":[{"id":668,"href":"https:\/\/www.arrahma-dinslaken.de\/de\/wp-json\/wp\/v2\/pages\/46\/revisions\/668"}],"up":[{"embeddable":true,"href":"https:\/\/www.arrahma-dinslaken.de\/de\/wp-json\/wp\/v2\/pages\/2"}],"wp:attachment":[{"href":"https:\/\/www.arrahma-dinslaken.de\/de\/wp-json\/wp\/v2\/media?parent=46"}],"curies":[{"name":"wp","href":"https:\/\/api.w.org\/{rel}","templated":true}]}}