{"id":26,"date":"2016-11-13T16:03:31","date_gmt":"2016-11-13T15:03:31","guid":{"rendered":"http:\/\/www.arrahma-dinslaken.de\/de\/?page_id=26"},"modified":"2023-11-01T13:08:10","modified_gmt":"2023-11-01T12:08:10","slug":"impressum","status":"publish","type":"page","link":"https:\/\/www.arrahma-dinslaken.de\/de\/impressum\/","title":{"rendered":"Impressum"},"content":{"rendered":"<p>&nbsp;<\/p>\n<p><strong>Arrahma Kulturverein e. V.<\/strong><br \/>\nFriedrich-Ebert-Str. 48<br \/>\n46535 Dinslaken<\/p>\n<p><span style=\"color: #000000; background-color: #ffffff;\">Tel: + 49 (2064) 45679-00<\/span><br \/>\n<span style=\"color: #000000;\">fax: + 49 (2064) 45679-99<\/span><\/p>\n<p><span style=\"color: #0000ff;\">info (at) arrahma-dinslaken.de<\/span><br \/>\n<span style=\"color: #0000ff;\"><a style=\"color: #0000ff;\" href=\"..\/..\/\" target=\"_blank\" rel=\"noopener noreferrer\">www.arrahma-dinslaken.de<\/a><\/span><\/p>\n<p><strong> Vertretungsberechtigter Vorstand: <\/strong><br \/>\nAbdallah Thabet<\/p>\n<p>Registergericht: Amtsgericht Duisburg VR 20719<\/p>\n<p>Inhaltlich Verantwortlicher gem\u00e4\u00df \u00a7 10 Absatz 3 MDStV: Vorstand der Arrahma Kulturverein e.V (Anschrift wie oben)<\/p>\n<p>Haftungshinweis: Trotz sorgf\u00e4ltiger inhaltlicher Kontrolle \u00fcbernehmen wir keine Haftung f\u00fcr die Inhalte externer Links. F\u00fcr den Inhalt der verlinkten Seiten sind ausschlie\u00dflich deren Betreiber verantwortlich.<\/p>\n<p><strong> Urheberrecht (Copyright)<\/strong><\/p>\n<p>Das Urheberrecht (Copyright) der Seiten auf dem Server www.arrahma-dinslaken.de liegt beim Verein Arrahma Kulturverein e.V.<br \/>\nDie Wiedergabe mit Quellenangabe ist vorbehaltlich anders lautender Bestimmungen gestattet. Ist f\u00fcr die Wiedergabe bestimmter Text- und Multimedia-Daten eine vorherige Genehmigung einzuholen, so hebt diese die oben stehende allgemeine Genehmigung auf; auf etwaige Nutzungseinschr\u00e4nkungen wird deutlich hingewiesen.<\/p>\n<p><strong> Haftungsausschluss (Disclaimer)<\/strong><\/p>\n<p>Der Arrahma Kulturverein e.V. bietet diesen Server (http:\/\/www.arrahma-dinslaken.de) an, damit sich die \u00d6ffentlichkeit leichter \u00fcber seine Aktivit\u00e4ten informieren kann. Unser Ziel ist es, aktuelle und genaue Informationen bereitzustellen. Wenn wir von Fehlern erfahren, werden wir versuchen, diese zu korrigieren. Der Arrahma Kulturverein e.V \u00fcbernimmt jedoch keinerlei Verantwortung oder Haftung f\u00fcr die Angaben auf dieser Webseite. Insbesondere \u00fcbernimmt der Verein keine Gew\u00e4hr f\u00fcr die Aktualit\u00e4t, Korrektheit, Vollst\u00e4ndigkeit oder Qualit\u00e4t der bereitgestellten Informationen. Haftungsanspr\u00fcche gegen den Verein, welche sich auf Sch\u00e4den materieller oder ideeller Art beziehen, die durch die Nutzung oder Nichtnutzung der dargebotenen Informationen bzw. durch die Nutzung fehlerhafter und unvollst\u00e4ndiger Informationen verursacht wurden, sind grunds\u00e4tzlich ausgeschlossen, sofern seitens des Autors kein nachweislich vors\u00e4tzliches oder grob fahrl\u00e4ssiges Verschulden vorliegt. Alle Angebote sind freibleibend und unverbindlich. Der Verein beh\u00e4lt es sich ausdr\u00fccklich vor, Teile der Seiten oder das gesamte Angebot ohne gesonderte Ank\u00fcndigung zu ver\u00e4ndern, zu erg\u00e4nzen, zu l\u00f6schen oder die Ver\u00f6ffentlichung zeitweise oder endg\u00fcltig einzustellen. Sofern Teile oder einzelne Formulierungen dieses Textes der geltenden Rechtslage nicht, nicht mehr oder nicht vollst\u00e4ndig entsprechen sollten, bleiben die \u00fcbrigen Teile des Dokumentes in ihrem Inhalt und ihrer G\u00fcltigkeit davon unber\u00fchrt. Die Angaben sind:<\/p>\n<p>* nur Informationen allgemeiner Art, die nicht auf die besonderen Bed\u00fcrfnisse bestimmter Personen oder Einrichtungen abgestimmt sind;<\/p>\n<p>* nicht notwendigerweise umfassend, komplett, genau oder aktuell;<\/p>\n<p>* manchmal mit externen Webseiten verbunden, die der Arrahma Kulturverein e.V nicht beeinflussen kann und f\u00fcr die er keine Verantwortung \u00fcbernimmt. Es ist nicht beabsichtigt, mit diesem Haftungsausschluss gegen geltendes nationales Recht zu versto\u00dfen noch die Haftung f\u00fcr Materien auszuschlie\u00dfen, f\u00fcr die nach diesem Recht die Haftung nicht ausgeschlossen werden darf.<\/p>\n<p><strong> Datenschutzerkl\u00e4rung<\/strong><\/p>\n<p>&#8211; Zugriff auf das Internetangebot des Der Arrahma Kulturverein e.V<\/p>\n<p>Ihre Zugriffe auf das Internetangebot des Arrahma Kulturvereins e. V. werden in einer Protokolldatei gespeichert. Die gespeicherten Daten werden nur zur Optimierung des Internetangebotes ausgewertet. Eine Weitergabe an Dritte, zu kommerziellen oder zu nichtkommerziellen Zwecken, findet nicht statt.<\/p>\n<p><strong> &#8211; Pers\u00f6nliche Daten<\/strong><\/p>\n<p>Wenn sie uns \u00fcber ein Formular oder eine E-Mail pers\u00f6nliche Daten mitteilen, so werden diese nur f\u00fcr den dort angegebenen Zweck verwendet. Eine Weitergabe an Dritte, zu kommerziellen oder zu nichtkommerziellen Zwecken, findet nicht statt. Sofern innerhalb des Internetangebotes die M\u00f6glichkeit zur Eingabe pers\u00f6nlicher oder gesch\u00e4ftlicher Daten (Email-Adressen, Namen, Anschriften) besteht, so erfolgt die Preisgabe dieser Daten seitens des Nutzers auf ausdr\u00fccklich freiwilliger Basis. Rechtliche Schritte gegen die Versender von sogenannten Spam-Mails bei Verst\u00f6ssen gegen dieses Verbot sind ausdr\u00fccklich vorbehalten.<\/p>\n<p><strong> &#8211; Verkn\u00fcpfungen zu fremden Seiten<\/strong><\/p>\n<p>Mit Urteil vom 12. Mai 1998 &#8211; 312 O 85\/98 hat das Landgericht (LG) Hamburg entschieden, dass man durch die Erstellung eines Links die Inhalte der gelinkten Seite ggf. mit zu verantworten hat. Dies kann &#8211; so das Gericht &#8211; nur dadurch verhindert werden, dass man sich ausdr\u00fccklich von diesen Inhalten distanziert. Daher distanzieren wir uns hiermit vorsorglich von den Inhalten aller gelinkten Seiten auf diesem Server. Diese Erkl\u00e4rung gilt f\u00fcr s\u00e4mtliche Links und Linksammlung, die zur Zeit bestehen oder in Zukunft bestehen werden. Bei direkten oder indirekten Verweisen auf fremde Webseiten (&#8222;Hyperlinks&#8220;), die au\u00dferhalb des Verantwortungsbereiches des Vereins liegen, w\u00fcrde eine Haftungsverpflichtung ausschlie\u00dflich in dem Fall in Kraft treten, in dem der Verein von den Inhalten Kenntnis hat und es dem Verein technisch m\u00f6glich und zumutbar w\u00e4re, die Nutzung im Falle rechtswidriger Inhalte zu verhindern. Der Verein erkl\u00e4rt hiermit ausdr\u00fccklich, dass zum Zeitpunkt der Linksetzung keine illegalen Inhalte auf den zu verlinkenden Seiten erkennbar waren. Auf die aktuelle und zuk\u00fcnftige Gestaltung, die Inhalte oder die Urheberschaft der verlinkten\/verkn\u00fcpften Seiten hat der Verein keinerlei Einfluss. Deshalb distanziert er sich hiermit ausdr\u00fccklich von allen Inhalten aller verlinkten \/verkn\u00fcpften Seiten, die nach der Linksetzung ver\u00e4ndert wurden. Diese Feststellung gilt f\u00fcr alle innerhalb des eigenen Internetangebotes gesetzten Links und Verweise sowie f\u00fcr Fremdeintr\u00e4ge in vom Verein eingerichteten G\u00e4steb\u00fcchern, Diskussionsforen, Linkverzeichnisse, Mailinglisten und in allen anderen Formen von Datenbanken, auf deren Inhalt externe Schreibzugriffe m\u00f6glich sind. F\u00fcr illegale, fehlerhafte oder unvollst\u00e4ndige Inhalte und insbesondere f\u00fcr Sch\u00e4den, die aus der Nutzung oder Nichtnutzung solcherart dargebotener Informationen entstehen.<\/p>\n","protected":false},"excerpt":{"rendered":"<p>&nbsp; Arrahma Kulturverein e. V. Friedrich-Ebert-Str. 48 46535 Dinslaken Tel: + 49 (2064) 45679-00 fax: + 49 (2064) 45679-99 info (at) arrahma-dinslaken.de www.arrahma-dinslaken.de Vertretungsberechtigter Vorstand: Abdallah Thabet Registergericht: Amtsgericht Duisburg VR 20719 Inhaltlich Verantwortlicher gem\u00e4\u00df \u00a7 10 Absatz 3 MDStV: Vorstand der Arrahma Kulturverein e.V (Anschrift wie oben) Haftungshinweis: Trotz sorgf\u00e4ltiger inhaltlicher Kontrolle \u00fcbernehmen wir &hellip; <a href=\"https:\/\/www.arrahma-dinslaken.de\/de\/impressum\/\" class=\"more-link\"><span class=\"screen-reader-text\">\u201eImpressum\u201c <\/span>weiterlesen<\/a><\/p>\n","protected":false},"author":4,"featured_media":0,"parent":0,"menu_order":0,"comment_status":"closed","ping_status":"open","template":"","meta":{"ngg_post_thumbnail":0,"_mc_calendar":[],"footnotes":""},"class_list":["post-26","page","type-page","status-publish","hentry"],"jetpack_sharing_enabled":true,"_links":{"self":[{"href":"https:\/\/www.arrahma-dinslaken.de\/de\/wp-json\/wp\/v2\/pages\/26","targetHints":{"allow":["GET"]}}],"collection":[{"href":"https:\/\/www.arrahma-dinslaken.de\/de\/wp-json\/wp\/v2\/pages"}],"about":[{"href":"https:\/\/www.arrahma-dinslaken.de\/de\/wp-json\/wp\/v2\/types\/page"}],"author":[{"embeddable":true,"href":"https:\/\/www.arrahma-dinslaken.de\/de\/wp-json\/wp\/v2\/users\/4"}],"replies":[{"embeddable":true,"href":"https:\/\/www.arrahma-dinslaken.de\/de\/wp-json\/wp\/v2\/comments?post=26"}],"version-history":[{"count":6,"href":"https:\/\/www.arrahma-dinslaken.de\/de\/wp-json\/wp\/v2\/pages\/26\/revisions"}],"predecessor-version":[{"id":1380,"href":"https:\/\/www.arrahma-dinslaken.de\/de\/wp-json\/wp\/v2\/pages\/26\/revisions\/1380"}],"wp:attachment":[{"href":"https:\/\/www.arrahma-dinslaken.de\/de\/wp-json\/wp\/v2\/media?parent=26"}],"curies":[{"name":"wp","href":"https:\/\/api.w.org\/{rel}","templated":true}]}}