{"id":21,"date":"2021-12-31T18:00:00","date_gmt":"2021-12-31T17:00:00","guid":{"rendered":"http:\/\/www.arrahma-dinslaken.de\/de\/?page_id=21"},"modified":"2026-02-17T18:21:46","modified_gmt":"2026-02-17T17:21:46","slug":"gebetszeiten","status":"publish","type":"page","link":"https:\/\/www.arrahma-dinslaken.de\/de\/gebetszeiten\/","title":{"rendered":"Gebetszeiten 2026"},"content":{"rendered":"<div style=\"margin-bottom: 0cm;\">\n<div style=\"margin-bottom: 0cm;\">\n<h3 style=\"color: blue;\"><span style=\"font-size: 22px;\"><strong><span style=\"color: #0000ff;\"><span style=\"font-family: arial, helvetica, sans-serif;\"><span style=\"text-decoration: none;\"><span style=\"font-size: 9pt;\">Information \u00fcber Herkunft und Sicherheit der Gebetszeitenformel:<\/span><\/span><br \/><\/span><\/span><\/strong><\/span><\/h3>\n<\/div>\n<div style=\"margin-bottom: 0cm;\">\n<p><span style=\"font-size: 22px;\"><span style=\"font-family: arial, helvetica, sans-serif;\"><span style=\"text-decoration: none;\"><span style=\"font-size: 9pt;\">Die Formel, die hier benutzt wird, ist sowohl vom Fiqh-Rat als auch von der &#8222;Muslim-Welt-Liga&#8220; als zuverl\u00e4ssig erkl\u00e4rt worden. Die errechneten Gebetszeiten werden in namhaften Zeitschriften und Publikationen ver\u00f6ffentlicht; u.a. in Al-Ahram, Al-Hayat und Al-Arab und wurden von Prof. Dr. Mohammad Hawari entwickelt.&nbsp; Quelle: www.izaachen.de<\/span><\/span><\/span><\/span><\/p>\n<p>City : Dinslaken<\/p>\n<\/div>\n<p><span style=\"font-size: 16px;\"><span style=\"font-family: arial, helvetica, sans-serif;\">Geog. Koordinaten : PHI = 51.56190 Long = 6.73390 TZ = 15<\/span><\/span><\/p>\n<p>Methode : FIKHI, Sommerzeit : EG<\/p>\n<div>\n<h1 style=\"text-align: center;\"><span style=\"color: #3366ff;\"><strong>Gebetszeiten f\u00fcr Dinslaken und Umgebung&nbsp;<\/strong><strong>in PDF Format<\/strong><\/span><\/h1>\n<\/div>\n<blockquote>\n<p style=\"text-align: center;\"><strong><a style=\"color: #ff0000;\" href=\"https:\/\/www.arrahma-dinslaken.de\/de\/wp-content\/uploads\/2026\/02\/Imsakia-Ramadan-2026-A4.pdf\">&gt;&gt; hier Download &lt;&lt;<\/a><\/strong><\/p>\n<\/blockquote>\n<p style=\"text-align: center;\"><strong>Imsakia \/ Gebetszeiten f\u00fcr den Monat Februar- M\u00e4rz 2026 \/ (1447 Hirji \u06be\u062c\u0631\u06cc\u0629)<\/strong><\/p>\n<div style=\"margin-bottom: 0cm;\">\n<h1 style=\"text-align: center;\"><span style=\"color: #3366ff;\"><strong>&nbsp; <\/strong><\/span><\/h1>\n<\/div>\n<\/div>\n\n","protected":false},"excerpt":{"rendered":"<p>Information \u00fcber Herkunft und Sicherheit der Gebetszeitenformel: Die Formel, die hier benutzt wird, ist sowohl vom Fiqh-Rat als auch von der &#8222;Muslim-Welt-Liga&#8220; als zuverl\u00e4ssig erkl\u00e4rt worden. Die errechneten Gebetszeiten werden in namhaften Zeitschriften und Publikationen ver\u00f6ffentlicht; u.a. in Al-Ahram, Al-Hayat und Al-Arab und wurden von Prof. Dr. Mohammad Hawari entwickelt.&nbsp; Quelle: www.izaachen.de City : Dinslaken &hellip; <a href=\"https:\/\/www.arrahma-dinslaken.de\/de\/gebetszeiten\/\" class=\"more-link\"><span class=\"screen-reader-text\">\u201eGebetszeiten 2026\u201c <\/span>weiterlesen<\/a><\/p>\n","protected":false},"author":4,"featured_media":0,"parent":0,"menu_order":0,"comment_status":"closed","ping_status":"closed","template":"","meta":{"ngg_post_thumbnail":0,"_mc_calendar":[],"footnotes":""},"class_list":["post-21","page","type-page","status-publish","hentry"],"jetpack_sharing_enabled":true,"_links":{"self":[{"href":"https:\/\/www.arrahma-dinslaken.de\/de\/wp-json\/wp\/v2\/pages\/21","targetHints":{"allow":["GET"]}}],"collection":[{"href":"https:\/\/www.arrahma-dinslaken.de\/de\/wp-json\/wp\/v2\/pages"}],"about":[{"href":"https:\/\/www.arrahma-dinslaken.de\/de\/wp-json\/wp\/v2\/types\/page"}],"author":[{"embeddable":true,"href":"https:\/\/www.arrahma-dinslaken.de\/de\/wp-json\/wp\/v2\/users\/4"}],"replies":[{"embeddable":true,"href":"https:\/\/www.arrahma-dinslaken.de\/de\/wp-json\/wp\/v2\/comments?post=21"}],"version-history":[{"count":73,"href":"https:\/\/www.arrahma-dinslaken.de\/de\/wp-json\/wp\/v2\/pages\/21\/revisions"}],"predecessor-version":[{"id":1444,"href":"https:\/\/www.arrahma-dinslaken.de\/de\/wp-json\/wp\/v2\/pages\/21\/revisions\/1444"}],"wp:attachment":[{"href":"https:\/\/www.arrahma-dinslaken.de\/de\/wp-json\/wp\/v2\/media?parent=21"}],"curies":[{"name":"wp","href":"https:\/\/api.w.org\/{rel}","templated":true}]}}