{"id":2,"date":"2011-11-05T00:24:09","date_gmt":"2011-11-04T23:24:09","guid":{"rendered":"http:\/\/www.arrahma-dinslaken.de\/de\/?page_id=2"},"modified":"2024-03-29T23:56:29","modified_gmt":"2024-03-29T22:56:29","slug":"p2","status":"publish","type":"page","link":"https:\/\/www.arrahma-dinslaken.de\/de\/","title":{"rendered":"Arrahma"},"content":{"rendered":"<ul>\n<li>Der Name Arrahma kommt aus dem Arabischen und bedeutet &#8222;Barmherzigkeit&#8220;.<\/li>\n<li>Im Jahr 1996 wurde der Arrahma Kulturverein, damals als marokkanischer kulturverein, von einigen wenigen marokkanischen Einwanderern gegr\u00fcndet. Der zur Verf\u00fcgung stehender Raum war damals nur 20 m\u00b2 gro\u00df.<\/li>\n<li>2001 Umzug erfolgte der Umzug in gro\u00dferen R\u00e4umlichkeiten, insgesamt 180 m\u00b2, auf der Lohberger Stra\u00dfe.<\/li>\n<li>Ein zweiter Umzug fand innerhalb der Ledigenheim Stiftung 2006 statt. Die neuen R\u00e4umlichkeiten umfassten 320 m\u00b2.<\/li>\n<li>Die Gemeinde bem\u00fcht sich immer mehr um die Zusammenarbeit mit allen gesellschaftlichen, politischen und kirchlichen Akteuren in der Stadt.<\/li>\n<li>2009 kaufte der Verein das ehemalige SEB Geb\u00e4ude auf der Friedrich-Ebert-Stra\u00dfe (Dinslaken Mitte), um ein islamische Begegnungszentrum zu errichten. Geplant ist eine Gebetsst\u00e4tte und viel Platz f\u00fcr Familien, Kinder und Jugendliche. Das islamische Begegnungszentrum soll ein offenes Haus f\u00fcr alle werden.<\/li>\n<\/ul>\n","protected":false},"excerpt":{"rendered":"<p>Der Name Arrahma kommt aus dem Arabischen und bedeutet &#8222;Barmherzigkeit&#8220;. Im Jahr 1996 wurde der Arrahma Kulturverein, damals als marokkanischer kulturverein, von einigen wenigen marokkanischen Einwanderern gegr\u00fcndet. Der zur Verf\u00fcgung stehender Raum war damals nur 20 m\u00b2 gro\u00df. 2001 Umzug erfolgte der Umzug in gro\u00dferen R\u00e4umlichkeiten, insgesamt 180 m\u00b2, auf der Lohberger Stra\u00dfe. Ein zweiter &hellip; <a href=\"https:\/\/www.arrahma-dinslaken.de\/de\/\" class=\"more-link\"><span class=\"screen-reader-text\">\u201eArrahma\u201c <\/span>weiterlesen<\/a><\/p>\n","protected":false},"author":4,"featured_media":0,"parent":0,"menu_order":0,"comment_status":"closed","ping_status":"closed","template":"","meta":{"ngg_post_thumbnail":0,"_mc_calendar":[],"footnotes":""},"class_list":["post-2","page","type-page","status-publish","hentry"],"jetpack_sharing_enabled":true,"_links":{"self":[{"href":"https:\/\/www.arrahma-dinslaken.de\/de\/wp-json\/wp\/v2\/pages\/2","targetHints":{"allow":["GET"]}}],"collection":[{"href":"https:\/\/www.arrahma-dinslaken.de\/de\/wp-json\/wp\/v2\/pages"}],"about":[{"href":"https:\/\/www.arrahma-dinslaken.de\/de\/wp-json\/wp\/v2\/types\/page"}],"author":[{"embeddable":true,"href":"https:\/\/www.arrahma-dinslaken.de\/de\/wp-json\/wp\/v2\/users\/4"}],"replies":[{"embeddable":true,"href":"https:\/\/www.arrahma-dinslaken.de\/de\/wp-json\/wp\/v2\/comments?post=2"}],"version-history":[{"count":2,"href":"https:\/\/www.arrahma-dinslaken.de\/de\/wp-json\/wp\/v2\/pages\/2\/revisions"}],"predecessor-version":[{"id":1410,"href":"https:\/\/www.arrahma-dinslaken.de\/de\/wp-json\/wp\/v2\/pages\/2\/revisions\/1410"}],"wp:attachment":[{"href":"https:\/\/www.arrahma-dinslaken.de\/de\/wp-json\/wp\/v2\/media?parent=2"}],"curies":[{"name":"wp","href":"https:\/\/api.w.org\/{rel}","templated":true}]}}